{"id":1300,"date":"2024-08-22T22:42:20","date_gmt":"2024-08-22T20:42:20","guid":{"rendered":"https:\/\/manoloayala.org\/?page_id=1300"},"modified":"2025-08-19T18:45:35","modified_gmt":"2025-08-19T16:45:35","slug":"coleccion-la-perdida-del-paraiso","status":"publish","type":"page","link":"https:\/\/manoloayala.org\/?page_id=1300","title":{"rendered":"Colecci\u00f3n La P\u00e9rdida del Para\u00edso"},"content":{"rendered":"\t\t<div data-elementor-type=\"wp-page\" data-elementor-id=\"1300\" class=\"elementor elementor-1300\" data-elementor-settings=\"{&quot;ha_cmc_init_switcher&quot;:&quot;no&quot;,&quot;element_pack_global_tooltip_width&quot;:{&quot;unit&quot;:&quot;px&quot;,&quot;size&quot;:&quot;&quot;,&quot;sizes&quot;:[]},&quot;element_pack_global_tooltip_width_tablet&quot;:{&quot;unit&quot;:&quot;px&quot;,&quot;size&quot;:&quot;&quot;,&quot;sizes&quot;:[]},&quot;element_pack_global_tooltip_width_mobile&quot;:{&quot;unit&quot;:&quot;px&quot;,&quot;size&quot;:&quot;&quot;,&quot;sizes&quot;:[]},&quot;element_pack_global_tooltip_padding&quot;:{&quot;unit&quot;:&quot;px&quot;,&quot;top&quot;:&quot;&quot;,&quot;right&quot;:&quot;&quot;,&quot;bottom&quot;:&quot;&quot;,&quot;left&quot;:&quot;&quot;,&quot;isLinked&quot;:true},&quot;element_pack_global_tooltip_padding_tablet&quot;:{&quot;unit&quot;:&quot;px&quot;,&quot;top&quot;:&quot;&quot;,&quot;right&quot;:&quot;&quot;,&quot;bottom&quot;:&quot;&quot;,&quot;left&quot;:&quot;&quot;,&quot;isLinked&quot;:true},&quot;element_pack_global_tooltip_padding_mobile&quot;:{&quot;unit&quot;:&quot;px&quot;,&quot;top&quot;:&quot;&quot;,&quot;right&quot;:&quot;&quot;,&quot;bottom&quot;:&quot;&quot;,&quot;left&quot;:&quot;&quot;,&quot;isLinked&quot;:true},&quot;element_pack_global_tooltip_border_radius&quot;:{&quot;unit&quot;:&quot;px&quot;,&quot;top&quot;:&quot;&quot;,&quot;right&quot;:&quot;&quot;,&quot;bottom&quot;:&quot;&quot;,&quot;left&quot;:&quot;&quot;,&quot;isLinked&quot;:true},&quot;element_pack_global_tooltip_border_radius_tablet&quot;:{&quot;unit&quot;:&quot;px&quot;,&quot;top&quot;:&quot;&quot;,&quot;right&quot;:&quot;&quot;,&quot;bottom&quot;:&quot;&quot;,&quot;left&quot;:&quot;&quot;,&quot;isLinked&quot;:true},&quot;element_pack_global_tooltip_border_radius_mobile&quot;:{&quot;unit&quot;:&quot;px&quot;,&quot;top&quot;:&quot;&quot;,&quot;right&quot;:&quot;&quot;,&quot;bottom&quot;:&quot;&quot;,&quot;left&quot;:&quot;&quot;,&quot;isLinked&quot;:true}}\" data-elementor-post-type=\"page\">\n\t\t\t\t\t\t<section class=\"elementor-section elementor-top-section elementor-element elementor-element-7f075ea elementor-section-full_width elementor-section-height-min-height elementor-section-height-default elementor-section-items-middle\" data-id=\"7f075ea\" data-element_type=\"section\" data-e-type=\"section\" data-settings=\"{&quot;background_background&quot;:&quot;classic&quot;,&quot;_ha_eqh_enable&quot;:false}\">\n\t\t\t\t\t\t<div class=\"elementor-container elementor-column-gap-default\">\n\t\t\t\t\t<div class=\"elementor-column elementor-col-100 elementor-top-column elementor-element elementor-element-03b7a1b\" data-id=\"03b7a1b\" data-element_type=\"column\" data-e-type=\"column\">\n\t\t\t<div class=\"elementor-widget-wrap\">\n\t\t\t\t\t\t\t<\/div>\n\t\t<\/div>\n\t\t\t\t\t<\/div>\n\t\t<\/section>\n\t\t\t\t<section class=\"elementor-section elementor-top-section elementor-element elementor-element-ae5c439 elementor-section-boxed elementor-section-height-default elementor-section-height-default\" data-id=\"ae5c439\" data-element_type=\"section\" data-e-type=\"section\" data-settings=\"{&quot;background_background&quot;:&quot;classic&quot;,&quot;_ha_eqh_enable&quot;:false}\">\n\t\t\t\t\t\t\t<div class=\"elementor-background-overlay\"><\/div>\n\t\t\t\t\t\t\t<div class=\"elementor-container elementor-column-gap-default\">\n\t\t\t\t\t<div class=\"elementor-column elementor-col-100 elementor-top-column elementor-element elementor-element-0a06c96\" data-id=\"0a06c96\" data-element_type=\"column\" data-e-type=\"column\">\n\t\t\t<div class=\"elementor-widget-wrap elementor-element-populated\">\n\t\t\t\t\t\t<div class=\"elementor-element elementor-element-7e27d85 elementor-widget elementor-widget-spacer\" data-id=\"7e27d85\" data-element_type=\"widget\" data-e-type=\"widget\" data-widget_type=\"spacer.default\">\n\t\t\t\t<div class=\"elementor-widget-container\">\n\t\t\t\t\t\t\t<div class=\"elementor-spacer\">\n\t\t\t<div class=\"elementor-spacer-inner\"><\/div>\n\t\t<\/div>\n\t\t\t\t\t\t<\/div>\n\t\t\t\t<\/div>\n\t\t\t\t<div class=\"elementor-element elementor-element-613e46b elementor-widget elementor-widget-heading\" data-id=\"613e46b\" data-element_type=\"widget\" data-e-type=\"widget\" data-widget_type=\"heading.default\">\n\t\t\t\t<div class=\"elementor-widget-container\">\n\t\t\t\t\t<h2 class=\"elementor-heading-title elementor-size-default\">Colecci\u00f3n La P\u00e9rdida del Para\u00edso<\/h2>\t\t\t\t<\/div>\n\t\t\t\t<\/div>\n\t\t\t\t<div class=\"elementor-element elementor-element-303030f elementor-widget elementor-widget-spacer\" data-id=\"303030f\" data-element_type=\"widget\" data-e-type=\"widget\" data-widget_type=\"spacer.default\">\n\t\t\t\t<div class=\"elementor-widget-container\">\n\t\t\t\t\t\t\t<div class=\"elementor-spacer\">\n\t\t\t<div class=\"elementor-spacer-inner\"><\/div>\n\t\t<\/div>\n\t\t\t\t\t\t<\/div>\n\t\t\t\t<\/div>\n\t\t\t\t<div class=\"elementor-element elementor-element-299f1b5 elementor-widget elementor-widget-ucaddon_post_blocks\" data-id=\"299f1b5\" data-element_type=\"widget\" data-e-type=\"widget\" data-widget_type=\"ucaddon_post_blocks.default\">\n\t\t\t\t<div class=\"elementor-widget-container\">\n\t\t\t\t\t\n<!-- start Post Blocks -->\n\t\t<link id='font-awesome-css' href='https:\/\/manoloayala.org\/wp-content\/plugins\/unlimited-elements-for-elementor\/assets_libraries\/font-awesome6\/fontawesome-all.min.css' type='text\/css' rel='stylesheet' >\n\t\t<link id='font-awesome-4-shim-css' href='https:\/\/manoloayala.org\/wp-content\/plugins\/unlimited-elements-for-elementor\/assets_libraries\/font-awesome6\/fontawesome-v4-shims.min.css' type='text\/css' rel='stylesheet' >\n\n<style>\/* widget: Post Blocks *\/\n\n\r\n@keyframes uc_post_blocks_elementor_299f1b5__item-animation {\r\n  0% {\r\n            \r\n        \t        \tfilter: blur(10px);\r\n\t\t\t\r\n    \t    opacity: 0;\r\n  }\r\n  100% {\r\n            \r\n        \t            filter: blur(0px);\r\n            \r\n    \t\topacity: 1;\r\n  }\r\n}\r\n\r\n\r\n#uc_post_blocks_elementor_299f1b5 .ue_post_blocks_box{\r\n\topacity:0;\r\n}\r\n\r\n\r\n#uc_post_blocks_elementor_299f1b5 .uc-entrance-animate {\r\n  opacity:1;\r\n}\r\n\r\n#uc_post_blocks_elementor_299f1b5 .uc-entrance-animate {\r\n\tanimation: uc_post_blocks_elementor_299f1b5__item-animation 0.6s cubic-bezier(0.470, 0.000, 0.745, 0.715) both;\r\n}\r\n\r\n\t\t\t\n\n#uc_post_blocks_elementor_299f1b5 {\n    display:grid;\n}\n#uc_post_blocks_elementor_299f1b5 .ue_post_blocks_box\n{\n  overflow:hidden;\n}\n\n#uc_post_blocks_elementor_299f1b5 .ue_post_blocks_image\n{\n  overflow:hidden;\n}\n#uc_post_blocks_elementor_299f1b5 .ue_post_blocks_image img\n{\n  width:100%;\n  display:block;\n}\n#uc_post_blocks_elementor_299f1b5 .ue_post_blocks_link a\n{\n  display:inline-block;\n  text-decoration:none;\n  text-align:center;\n}\n\n\n#uc_post_blocks_elementor_299f1b5 .ue-grid-item-meta-data\n{\n  display:inlin-flex;\n  flex-wrap: wrap;\n}\n\n.ue-grid-item-meta-data\n{\n  font-size:12px;\n}\n\n#uc_post_blocks_elementor_299f1b5 .ue-grid-item-meta-data-icon\n{\n  line-height:1em;\n}\n\n#uc_post_blocks_elementor_299f1b5 .ue-grid-item-meta-data-icon svg\n{\n  width:1em;\n  height:1em;\n}\n\n#uc_post_blocks_elementor_299f1b5 .ue_post_blocks_box{\n  display: flex;\n  flex-direction: column;\n}\n#uc_post_blocks_elementor_299f1b5 .ue_post_blocks_content{\n display: flex; flex-grow: 1;\n flex-direction: column;\n}\n#uc_post_blocks_elementor_299f1b5 .ue_post_blocks_link{ margin-top: auto;\n}\n\n.ue-grid-item-category a\n{\n  display:inline-block;\n  font-size:10px;\n  text-transform:uppercase;\n}\n\n\n\n\n<\/style>\n\n<div id=\"uc_post_blocks_elementor_299f1b5\" class=\"ue_post_blocks uc-items-wrapper \" >\n    <div class=\"ue_post_blocks_box\">\n    <div class=\"ue_post_blocks_image\">\n    <a href=\"https:\/\/manoloayala.org\/?p=796\" style=\"display:block;\"><img loading=\"lazy\" decoding=\"async\" src=\"https:\/\/manoloayala.org\/wp-content\/uploads\/2024\/08\/manolo-ayala-america-medium-e1722650662482.jpg\"  src=\"https:\/\/manoloayala.org\/wp-content\/uploads\/2024\/08\/manolo-ayala-america-medium-e1722650662482.jpg\" alt=\"manolo-ayala-america-medium\" width=\"583\" height=\"800\"><\/a>\n  <\/div>\n    <div class=\"ue_post_blocks_content\">\n      \n     \n         \n    <div class=\"ue_post_blocks_title\"><a href=\"https:\/\/manoloayala.org\/?p=796\">Am\u00e9rica<\/a><\/div>    \n        \n    \n    <div class=\"ue_post_blocks_text\">Enfrentamiento m\u00edtico entre el \u00c1guila Mixteca, identificando a la Am\u00e9rica India y el \u00c1guila Imperial...<\/div>        \t<div class=\"ue_post_blocks_link\">\n          <a class=\" \" href='https:\/\/manoloayala.org\/?p=796'>Ver obra<\/a>\n    \t<\/div>\n      <\/div>\n<\/div>\n<div class=\"ue_post_blocks_box\">\n    <div class=\"ue_post_blocks_image\">\n    <a href=\"https:\/\/manoloayala.org\/?p=794\" style=\"display:block;\"><img loading=\"lazy\" decoding=\"async\" src=\"https:\/\/manoloayala.org\/wp-content\/uploads\/2023\/11\/camino-a-guayabo-medium.jpg\"  src=\"https:\/\/manoloayala.org\/wp-content\/uploads\/2023\/11\/camino-a-guayabo-medium.jpg\" alt=\"camino-a-guayabo-medium\" width=\"768\" height=\"496\"><\/a>\n  <\/div>\n    <div class=\"ue_post_blocks_content\">\n      \n     \n         \n    <div class=\"ue_post_blocks_title\"><a href=\"https:\/\/manoloayala.org\/?p=794\">Camino a Guayabo<\/a><\/div>    \n        \n    \n    <div class=\"ue_post_blocks_text\">Enfrentamiento m\u00edtico entre el \u00c1guila Mixteca, identificando a la Am\u00e9rica India y el \u00c1guila Imperial...<\/div>        \t<div class=\"ue_post_blocks_link\">\n          <a class=\" \" href='https:\/\/manoloayala.org\/?p=794'>Ver obra<\/a>\n    \t<\/div>\n      <\/div>\n<\/div>\n<div class=\"ue_post_blocks_box\">\n    <div class=\"ue_post_blocks_image\">\n    <a href=\"https:\/\/manoloayala.org\/?p=792\" style=\"display:block;\"><img loading=\"lazy\" decoding=\"async\" src=\"https:\/\/manoloayala.org\/wp-content\/uploads\/2023\/11\/el-pequeno-mundo-de-la-mujer-cabecar-medium.jpg\"  src=\"https:\/\/manoloayala.org\/wp-content\/uploads\/2023\/11\/el-pequeno-mundo-de-la-mujer-cabecar-medium.jpg\" alt=\"el-pequeno-mundo-de-la-mujer-cabecar-medium\" width=\"768\" height=\"522\"><\/a>\n  <\/div>\n    <div class=\"ue_post_blocks_content\">\n      \n     \n         \n    <div class=\"ue_post_blocks_title\"><a href=\"https:\/\/manoloayala.org\/?p=792\">El Peque\u00f1o Mundo de la Mujer Cab\u00e9car<\/a><\/div>    \n        \n    \n    <div class=\"ue_post_blocks_text\">Enfrentamiento m\u00edtico entre el \u00c1guila Mixteca, identificando a la Am\u00e9rica India y el \u00c1guila Imperial...<\/div>        \t<div class=\"ue_post_blocks_link\">\n          <a class=\" \" href='https:\/\/manoloayala.org\/?p=792'>Ver obra<\/a>\n    \t<\/div>\n      <\/div>\n<\/div>\n<div class=\"ue_post_blocks_box\">\n    <div class=\"ue_post_blocks_image\">\n    <a href=\"https:\/\/manoloayala.org\/?p=782\" style=\"display:block;\"><img loading=\"lazy\" decoding=\"async\" src=\"https:\/\/manoloayala.org\/wp-content\/uploads\/2023\/11\/manolo-ayala-la-perdida-del-paraiso-medium.jpg\"  src=\"https:\/\/manoloayala.org\/wp-content\/uploads\/2023\/11\/manolo-ayala-la-perdida-del-paraiso-medium.jpg\" alt=\"manolo-ayala-la-perdida-del-paraiso-medium\" width=\"768\" height=\"620\"><\/a>\n  <\/div>\n    <div class=\"ue_post_blocks_content\">\n      \n     \n         \n    <div class=\"ue_post_blocks_title\"><a href=\"https:\/\/manoloayala.org\/?p=782\">La P\u00e9rdida del Para\u00edso<\/a><\/div>    \n        \n    \n    <div class=\"ue_post_blocks_text\">Esta obra nos traslada 400 a\u00f1os atr\u00e1s, a cualquier parte del mundo Maya, puesto que en todas las ciudades...<\/div>        \t<div class=\"ue_post_blocks_link\">\n          <a class=\" \" href='https:\/\/manoloayala.org\/?p=782'>Ver obra<\/a>\n    \t<\/div>\n      <\/div>\n<\/div>\n<div class=\"ue_post_blocks_box\">\n    <div class=\"ue_post_blocks_image\">\n    <a href=\"https:\/\/manoloayala.org\/?p=774\" style=\"display:block;\"><img loading=\"lazy\" decoding=\"async\" src=\"https:\/\/manoloayala.org\/wp-content\/uploads\/2023\/11\/gonzalo-guerrero-el-lider-medium.jpg\"  src=\"https:\/\/manoloayala.org\/wp-content\/uploads\/2023\/11\/gonzalo-guerrero-el-lider-medium.jpg\" alt=\"gonzalo-guerrero-el-lider-medium\" width=\"768\" height=\"599\"><\/a>\n  <\/div>\n    <div class=\"ue_post_blocks_content\">\n      \n     \n         \n    <div class=\"ue_post_blocks_title\"><a href=\"https:\/\/manoloayala.org\/?p=774\">Gonzalo Guerrero \u201c El L\u00edder\u201d<\/a><\/div>    \n        \n    \n    <div class=\"ue_post_blocks_text\">Esta obra presenta un desfile o procesi\u00f3n conduciendo a un grupo de prisioneros espa\u00f1oles hacia el sitio...<\/div>        \t<div class=\"ue_post_blocks_link\">\n          <a class=\" \" href='https:\/\/manoloayala.org\/?p=774'>Ver obra<\/a>\n    \t<\/div>\n      <\/div>\n<\/div>\n<div class=\"ue_post_blocks_box\">\n    <div class=\"ue_post_blocks_image\">\n    <a href=\"https:\/\/manoloayala.org\/?p=766\" style=\"display:block;\"><img loading=\"lazy\" decoding=\"async\" src=\"https:\/\/manoloayala.org\/wp-content\/uploads\/2023\/11\/gonzalo-guerrero-el-apostata-medium.jpg\"  src=\"https:\/\/manoloayala.org\/wp-content\/uploads\/2023\/11\/gonzalo-guerrero-el-apostata-medium.jpg\" alt=\"gonzalo-guerrero-el-apostata-medium\" width=\"768\" height=\"1002\"><\/a>\n  <\/div>\n    <div class=\"ue_post_blocks_content\">\n      \n     \n         \n    <div class=\"ue_post_blocks_title\"><a href=\"https:\/\/manoloayala.org\/?p=766\">Gonzalo Guerrero \u201c El Apostata\u201d<\/a><\/div>    \n        \n    \n    <div class=\"ue_post_blocks_text\">Esta obra es para sacar a la luz p\u00fablica la historia de un espa\u00f1ol, Gonzalo Guerrero a quien la fortuna...<\/div>        \t<div class=\"ue_post_blocks_link\">\n          <a class=\" \" href='https:\/\/manoloayala.org\/?p=766'>Ver obra<\/a>\n    \t<\/div>\n      <\/div>\n<\/div>\n<div class=\"ue_post_blocks_box\">\n    <div class=\"ue_post_blocks_image\">\n    <a href=\"https:\/\/manoloayala.org\/?p=563\" style=\"display:block;\"><img loading=\"lazy\" decoding=\"async\" src=\"https:\/\/manoloayala.org\/wp-content\/uploads\/2023\/11\/tenochtitlan-medium.jpg\"  src=\"https:\/\/manoloayala.org\/wp-content\/uploads\/2023\/11\/tenochtitlan-medium.jpg\" alt=\"tenochtitlan-medium\" width=\"768\" height=\"543\"><\/a>\n  <\/div>\n    <div class=\"ue_post_blocks_content\">\n      \n     \n         \n    <div class=\"ue_post_blocks_title\"><a href=\"https:\/\/manoloayala.org\/?p=563\">Tenochtitl\u00e1n<\/a><\/div>    \n        \n    \n    <div class=\"ue_post_blocks_text\">Esta obra est\u00e1 basada en los acontecimientos conocidos en la historia como \u201cLa Noche Triste\u201d ocurrida...<\/div>        \t<div class=\"ue_post_blocks_link\">\n          <a class=\" \" href='https:\/\/manoloayala.org\/?p=563'>Ver obra<\/a>\n    \t<\/div>\n      <\/div>\n<\/div>\n<div class=\"ue_post_blocks_box\">\n    <div class=\"ue_post_blocks_image\">\n    <a href=\"https:\/\/manoloayala.org\/?p=271\" style=\"display:block;\"><img loading=\"lazy\" decoding=\"async\" src=\"https:\/\/manoloayala.org\/wp-content\/uploads\/2023\/11\/manolo-ayala-la-dei-gratia-medium.jpg\"  src=\"https:\/\/manoloayala.org\/wp-content\/uploads\/2023\/11\/manolo-ayala-la-dei-gratia-medium.jpg\" alt=\"manolo-ayala-la-dei-gratia-medium\" width=\"768\" height=\"515\"><\/a>\n  <\/div>\n    <div class=\"ue_post_blocks_content\">\n      \n     \n         \n    <div class=\"ue_post_blocks_title\"><a href=\"https:\/\/manoloayala.org\/?p=271\">Dei Gratia<\/a><\/div>    \n        \n    \n    <div class=\"ue_post_blocks_text\">Enfrentamiento m\u00edtico entre el \u00c1guila Mixteca, identificando a la Am\u00e9rica India y el \u00c1guila Imperial...<\/div>        \t<div class=\"ue_post_blocks_link\">\n          <a class=\" \" href='https:\/\/manoloayala.org\/?p=271'>Ver obra<\/a>\n    \t<\/div>\n      <\/div>\n<\/div>\n\n<\/div>\n<!-- end Post Blocks -->\t\t\t\t<\/div>\n\t\t\t\t<\/div>\n\t\t\t\t\t<\/div>\n\t\t<\/div>\n\t\t\t\t\t<\/div>\n\t\t<\/section>\n\t\t\t\t<section class=\"elementor-section elementor-top-section elementor-element elementor-element-42c25b5 elementor-section-full_width elementor-section-height-min-height elementor-section-height-default elementor-section-items-middle\" data-id=\"42c25b5\" data-element_type=\"section\" data-e-type=\"section\" data-settings=\"{&quot;background_background&quot;:&quot;classic&quot;,&quot;_ha_eqh_enable&quot;:false}\">\n\t\t\t\t\t\t<div class=\"elementor-container elementor-column-gap-default\">\n\t\t\t\t\t<div class=\"elementor-column elementor-col-100 elementor-top-column elementor-element elementor-element-1529245\" data-id=\"1529245\" data-element_type=\"column\" data-e-type=\"column\">\n\t\t\t<div class=\"elementor-widget-wrap\">\n\t\t\t\t\t\t\t<\/div>\n\t\t<\/div>\n\t\t\t\t\t<\/div>\n\t\t<\/section>\n\t\t\t\t<\/div>\n\t\t","protected":false},"excerpt":{"rendered":"<p>Colecci\u00f3n La P\u00e9rdida del Para\u00edso Am\u00e9rica Enfrentamiento m\u00edtico entre el \u00c1guila Mixteca, identificando a la Am\u00e9rica India y el \u00c1guila Imperial&#8230; Ver obra Camino a Guayabo Enfrentamiento m\u00edtico entre el \u00c1guila Mixteca, identificando a la Am\u00e9rica India y el \u00c1guila Imperial&#8230; Ver obra El Peque\u00f1o Mundo de la Mujer Cab\u00e9car Enfrentamiento m\u00edtico entre el \u00c1guila [&hellip;]<\/p>\n","protected":false},"author":1,"featured_media":0,"parent":0,"menu_order":0,"comment_status":"closed","ping_status":"closed","template":"elementor_theme","meta":{"footnotes":""},"class_list":["post-1300","page","type-page","status-publish","hentry"],"_links":{"self":[{"href":"https:\/\/manoloayala.org\/index.php?rest_route=\/wp\/v2\/pages\/1300","targetHints":{"allow":["GET"]}}],"collection":[{"href":"https:\/\/manoloayala.org\/index.php?rest_route=\/wp\/v2\/pages"}],"about":[{"href":"https:\/\/manoloayala.org\/index.php?rest_route=\/wp\/v2\/types\/page"}],"author":[{"embeddable":true,"href":"https:\/\/manoloayala.org\/index.php?rest_route=\/wp\/v2\/users\/1"}],"replies":[{"embeddable":true,"href":"https:\/\/manoloayala.org\/index.php?rest_route=%2Fwp%2Fv2%2Fcomments&post=1300"}],"version-history":[{"count":10,"href":"https:\/\/manoloayala.org\/index.php?rest_route=\/wp\/v2\/pages\/1300\/revisions"}],"predecessor-version":[{"id":1405,"href":"https:\/\/manoloayala.org\/index.php?rest_route=\/wp\/v2\/pages\/1300\/revisions\/1405"}],"wp:attachment":[{"href":"https:\/\/manoloayala.org\/index.php?rest_route=%2Fwp%2Fv2%2Fmedia&parent=1300"}],"curies":[{"name":"wp","href":"https:\/\/api.w.org\/{rel}","templated":true}]}}